{"id":1180,"date":"2025-05-18T20:01:01","date_gmt":"2025-05-18T18:01:01","guid":{"rendered":"https:\/\/serwer1913301.home.pl\/autoinstalator\/wordpress3\/?page_id=1180"},"modified":"2025-09-28T18:45:41","modified_gmt":"2025-09-28T16:45:41","slug":"remit","status":"publish","type":"page","link":"https:\/\/zemlab.com.pl\/en\/zaklad-energetyki\/remit\/","title":{"rendered":"REMIT"},"content":{"rendered":"<section class=\"static-hero-section\">\n            <div class=\"static-hero-background\" \n             style=\"background-image: url(https:\/\/zemlab.com.pl\/wp-content\/uploads\/2025\/05\/remit-zem-labedy.jpg)\">\n            <div class=\"image-overlay\"><\/div>\n        <\/div>\n        \n    <div class=\"static-hero-content\">\n                    <h1 class=\"static-hero-heading\">\n                                    <span class=\"first-word\">REMIT<\/span>\n                                                    <span class=\"rest\">\u2013 obowi\u0105zki informacyjne<\/span>\n                            <\/h1>\n            <\/div>\n<\/section>\n\n\n\n<div class=\"wp-block-group alignfull is-layout-constrained wp-block-group-is-layout-constrained\" style=\"margin-top:0px;margin-bottom:0px;padding-top:10vh;padding-bottom:10vh\">\n<div class=\"wp-block-group is-content-justification-center is-nowrap is-layout-flex wp-container-core-group-is-layout-5ac1eb5c wp-block-group-is-layout-flex\" style=\"margin-top:0px;margin-bottom:0px;padding-top:0;padding-bottom:0\">\n<figure class=\"wp-block-image size-full is-resized\"><img decoding=\"async\" src=\"https:\/\/zemlab.com.pl\/wp-content\/uploads\/2025\/04\/sygnet-kolor.svg\" alt=\"\" class=\"wp-image-713\" style=\"width:25px\"\/><\/figure>\n\n\n\n<p class=\"has-palette-color-2-color has-text-color has-link-color has-large-font-size wp-elements-8de59543eefff578de36366082d1f255\">Obowi\u0105zek informacyjny<\/p>\n<\/div>\n\n\n\n<div class=\"wp-block-stackable-heading stk-block-heading stk-block-heading--v2 stk-block stk-98c4866\" id=\"komunikaty-remit\" data-block-id=\"98c4866\"><style>.stk-98c4866 {margin-bottom:10px !important;}.stk-98c4866 .stk-block-heading__text{color:var(--theme-palette-color-5, #1c4f3f) !important;line-height:1.3em !important;font-weight:800 !important;}@media screen and (max-width:999px){.stk-98c4866 .stk-block-heading__text{font-size:25px !important;}}<\/style><h2 class=\"stk-block-heading__text has-text-color has-text-align-center\">Komunikaty REMIT<\/h2><\/div>\n\n\n\n<div class=\"wp-block-stackable-text stk-block-text stk-block stk-e8d7644\" data-block-id=\"e8d7644\"><style>.stk-e8d7644 .stk-block-text__text{color:var(--theme-palette-color-5, #1c4f3f) !important;}<\/style><p class=\"stk-block-text__text has-text-color has-text-align-center\"><\/p><p> Zgodnie z <strong>art. 4 ust. 1 rozporz\u0105dzenia Parlamentu Europejskiego i Rady (UE) nr 1227\/2011<\/strong> z dnia 25 pa\u017adziernika 2011 r. w sprawie integralno\u015bci i przejrzysto\u015bci hurtowego rynku energii (tzw. <strong>rozporz\u0105dzenie REMIT<\/strong>), ZEM \u0141ab\u0119dy Sp. z o.o. publikuje informacje dotycz\u0105ce istotnych zdarze\u0144 mog\u0105cych mie\u0107 wp\u0142yw na rynek hurtowy energii. <\/p><p><\/p><\/div>\n\n\n\n<div id=\"szczegoly\" class=\"wp-block-group has-border-color has-palette-color-9-border-color has-palette-color-7-background-color has-background is-layout-flow wp-block-group-is-layout-flow\" style=\"border-width:1px;padding-top:var(--wp--preset--spacing--60);padding-right:var(--wp--preset--spacing--60);padding-bottom:var(--wp--preset--spacing--60);padding-left:var(--wp--preset--spacing--60)\">\n<div class=\"wp-block-stackable-text stk-block-text stk-block stk-e3f2881\" data-block-id=\"e3f2881\"><style>.stk-e3f2881 .stk-block-text__text{color:var(--theme-palette-color-5, #1c4f3f) !important;}<\/style><p class=\"stk-block-text__text has-text-color has-text-align-left\"><strong><strong>Podstawa prawna<\/strong><\/strong><\/p><\/div>\n\n\n\n<p>Art. 4 ust.1 rozporz\u0105dzenia Parlamentu Europejskiego i Rady UE nr 1227\/2011 z dnia 25 pa\u017cdziernika 2011 r.&nbsp;w sprawie integralno\u015bci i przejrzysto\u015bci hurtowego rynku energii (Dz.U.UE.L.2011.326.1) (&#8222;rozporz\u0105dzenie REMIT&#8221;)<\/p>\n\n\n\n<div class=\"wp-block-stackable-text stk-block-text stk-block stk-f3c1d41\" data-block-id=\"f3c1d41\"><style>.stk-f3c1d41 .stk-block-text__text{color:var(--theme-palette-color-5, #1c4f3f) !important;}<\/style><p class=\"stk-block-text__text has-text-color has-text-align-left\"><strong><strong>Komunikaty<\/strong><\/strong><\/p><\/div>\n\n\n\n<p>Obecnie brak komunikat\u00f3w wymaganych rozporz\u0105dzeniem REMIT.<\/p>\n<\/div>\n<\/div>\n\n\n\n<div class=\"wp-block-group alignfull is-layout-constrained wp-block-group-is-layout-constrained has-background\" style=\"margin-top:0px;margin-bottom:0px;padding-top:0;padding-bottom:0;background-image:url(&apos;https:\/\/zemlab.com.pl\/wp-content\/uploads\/2025\/04\/zem-background-flat-1-scaled.jpg&apos;);background-position:54% 0%;background-size:cover;background-attachment:scroll;\">\n<div class=\"wp-block-group is-layout-constrained wp-block-group-is-layout-constrained\" style=\"margin-top:var(--wp--preset--spacing--80);margin-bottom:var(--wp--preset--spacing--80)\">\n<div class=\"wp-block-stackable-columns alignwide stk-block-columns stk-block stk-97c5e73\" data-block-id=\"97c5e73\"><style>.stk-97c5e73 .stk--block-align-97c5e73{align-items:center !important;}.stk-97c5e73-column{--stk-column-gap:30px !important;row-gap:30px !important;}<\/style><div class=\"stk-row stk-inner-blocks stk--block-align-97c5e73 stk-block-content stk-content-align stk-97c5e73-column alignwide\">\n<div class=\"wp-block-stackable-column stk-block-column stk-column stk-block stk-4f7c765\" data-v=\"4\" data-block-id=\"4f7c765\"><style>@media screen and (min-width:768px){.stk-4f7c765 {flex:var(--stk-flex-grow, 1) 1 calc(40.5% - var(--stk-column-gap, 0px) * 1 \/ 2 ) !important;}}@media screen and (min-width:768px) and (max-width:999px){.stk-4f7c765 {flex:var(--stk-flex-grow, 1) 1 calc(100% - var(--stk-column-gap, 0px) * 0 \/ 1 ) !important;}}@media screen and (max-width:767px){.stk-4f7c765-inner-blocks{justify-content:center !important;}.stk-4f7c765 {flex:var(--stk-flex-grow, 1) 1 calc(100% - var(--stk-column-gap, 0px) * 0 \/ 1 ) !important;}}<\/style><div class=\"stk-column-wrapper stk-block-column__content stk-container stk-4f7c765-container stk--no-background stk--no-padding\"><div class=\"stk-block-content stk-inner-blocks stk-4f7c765-inner-blocks\">\n<div class=\"wp-block-group is-vertical is-layout-flex wp-container-core-group-is-layout-fe9cc265 wp-block-group-is-layout-flex\">\n<div id=\"zrealizowane-projekty-ktore-mowia-same-za-siebie\" class=\"wp-block-group is-content-justification-left is-nowrap is-layout-flex wp-container-core-group-is-layout-b517d2f9 wp-block-group-is-layout-flex\" style=\"margin-top:0px;margin-bottom:0px;padding-top:0;padding-bottom:0\">\n<figure class=\"wp-block-image size-full is-resized\"><img decoding=\"async\" src=\"https:\/\/zemlab.com.pl\/wp-content\/uploads\/2025\/04\/sygnet-kolor.svg\" alt=\"\" class=\"wp-image-713\" style=\"width:25px\"\/><\/figure>\n\n\n\n<p class=\"has-palette-color-2-color has-text-color has-link-color has-medium-font-size wp-elements-a98d90eda25a5c6721538b739cbfbe8b\">Kontakt<\/p>\n<\/div>\n\n\n\n<div class=\"wp-block-stackable-heading stk-block-heading stk-block-heading--v2 stk-block stk-d9aeeb7\" id=\"najlatwiejszy-sposob-aby-wiedziec-wszystko-span-style-color-var-theme-palette-color-2-skontaktuj-sie-z-nami-span\" data-block-id=\"d9aeeb7\"><style>.stk-d9aeeb7 {margin-bottom:10px !important;}.stk-d9aeeb7 .stk-block-heading__text{color:var(--theme-palette-color-5, #1c4f3f) !important;line-height:1.3em !important;font-weight:800 !important;}@media screen and (max-width:999px){.stk-d9aeeb7 .stk-block-heading__text{font-size:25px !important;}}<\/style><h2 class=\"stk-block-heading__text has-text-color has-text-align-left\">Naj\u0142atwiejszy spos\u00f3b aby wiedzie\u0107 wszystko? <span style=\"color:var(--theme-palette-color-2);\">Skontaktuj si\u0119 z nami!<\/span><\/h2><\/div>\n<\/div>\n<\/div><\/div><\/div>\n\n\n\n<div class=\"wp-block-stackable-column stk-block-column stk-column stk-block stk-2ac93c9\" data-v=\"4\" data-block-id=\"2ac93c9\"><style>@media screen and (min-width:768px){.stk-2ac93c9 {flex:var(--stk-flex-grow, 1) 1 calc(59.5% - var(--stk-column-gap, 0px) * 1 \/ 2 ) !important;}}@media screen and (min-width:768px) and (max-width:999px){.stk-2ac93c9 {flex:var(--stk-flex-grow, 1) 1 calc(100% - var(--stk-column-gap, 0px) * 0 \/ 1 ) !important;}}@media screen and (max-width:767px){.stk-2ac93c9 {flex:var(--stk-flex-grow, 1) 1 calc(100% - var(--stk-column-gap, 0px) * 0 \/ 1 ) !important;}}<\/style><div class=\"stk-column-wrapper stk-block-column__content stk-container stk-2ac93c9-container stk--no-background stk--no-padding\"><div class=\"stk-block-content stk-inner-blocks stk-2ac93c9-inner-blocks\">\n<div class=\"forminator-guttenberg\"><div class=\"forminator-ui forminator-custom-form forminator-custom-form-862 forminator-design--basic  forminator_ajax\" data-forminator-render=\"0\" data-form=\"forminator-module-862\" data-uid=\"69e036845d950\"><br\/><\/div><form\n\t\t\t\tid=\"forminator-module-862\"\n\t\t\t\tclass=\"forminator-ui forminator-custom-form forminator-custom-form-862 forminator-design--basic  forminator_ajax\"\n\t\t\t\tmethod=\"post\"\n\t\t\t\tdata-forminator-render=\"0\"\n\t\t\t\tdata-form-id=\"862\"\n\t\t\t\t data-color-option=\"theme\" data-design=\"basic\" data-grid=\"open\" style=\"display: none;\"\n\t\t\t\tdata-uid=\"69e036845d950\" action=\"\"\n\t\t\t><div role=\"alert\" aria-live=\"polite\" class=\"forminator-response-message forminator-error\" aria-hidden=\"true\"><\/div><div class=\"forminator-row\"><div id=\"name-1\" class=\"forminator-field-name forminator-col forminator-col-12\"><div class=\"forminator-field\"><label for=\"forminator-field-name-1_69e036845d950\" id=\"forminator-field-name-1_69e036845d950-label\" class=\"forminator-label\">Imi\u0119 i nazwisko <span class=\"forminator-required\">*<\/span><\/label><input type=\"text\" name=\"name-1\" value=\"\" placeholder=\"Imi\u0119 i nazwisko\" id=\"forminator-field-name-1_69e036845d950\" class=\"forminator-input forminator-name--field\" aria-required=\"true\" autocomplete=\"name\" \/><\/div><\/div><\/div><div class=\"forminator-row\"><div id=\"name-2\" class=\"forminator-field-name forminator-col forminator-col-12\"><div class=\"forminator-field\"><label for=\"forminator-field-name-2_69e036845d950\" id=\"forminator-field-name-2_69e036845d950-label\" class=\"forminator-label\">Firma <span class=\"forminator-required\">*<\/span><\/label><input type=\"text\" name=\"name-2\" value=\"\" placeholder=\"Firma\" id=\"forminator-field-name-2_69e036845d950\" class=\"forminator-input forminator-name--field\" aria-required=\"true\" autocomplete=\"name\" \/><\/div><\/div><\/div><div class=\"forminator-row\"><div id=\"email-1\" class=\"forminator-field-email forminator-col forminator-col-12\"><div class=\"forminator-field\"><label for=\"forminator-field-email-1_69e036845d950\" id=\"forminator-field-email-1_69e036845d950-label\" class=\"forminator-label\">Adres e-mail <span class=\"forminator-required\">*<\/span><\/label><input type=\"email\" name=\"email-1\" value=\"\" placeholder=\"Adres e-mail\" id=\"forminator-field-email-1_69e036845d950\" class=\"forminator-input forminator-email--field\" data-required=\"true\" aria-required=\"true\" autocomplete=\"email\" \/><\/div><\/div><\/div><div class=\"forminator-row\"><div id=\"phone-1\" class=\"forminator-field-phone forminator-col forminator-col-12\"><div class=\"forminator-field\"><label for=\"forminator-field-phone-1_69e036845d950\" id=\"forminator-field-phone-1_69e036845d950-label\" class=\"forminator-label\">Numer telefonu<\/label><input type=\"text\" name=\"phone-1\" value=\"\" placeholder=\"Numer telefonu\" id=\"forminator-field-phone-1_69e036845d950\" class=\"forminator-input forminator-field--phone\" data-required=\"\" aria-required=\"false\" autocomplete=\"off\" \/><\/div><\/div><\/div><div class=\"forminator-row\"><div id=\"textarea-1\" class=\"forminator-field-textarea forminator-col forminator-col-12  text-area-field\"><div class=\"forminator-field\"><label for=\"forminator-field-textarea-1_69e036845d950\" id=\"forminator-field-textarea-1_69e036845d950-label\" class=\"forminator-label\">Wiadomo\u015b\u0107<\/label><textarea name=\"textarea-1\" placeholder=\"Wpisz swoj\u0105 wiadomo\u015b\u0107...\" id=\"forminator-field-textarea-1_69e036845d950\" class=\"forminator-textarea\" rows=\"6\" style=\"min-height:140px;\" ><\/textarea><\/div><\/div><\/div><div class=\"forminator-row\"><div id=\"checkbox-1\" class=\"forminator-field-checkbox forminator-col forminator-col-12\"><div role=\"group\" class=\"forminator-field required\" aria-labelledby=\"forminator-checkbox-group-forminator-field-checkbox-1-69e036845d950-label\"><span id=\"forminator-checkbox-group-forminator-field-checkbox-1-69e036845d950-label\" class=\"forminator-label\">Pole zaznaczenia <span class=\"forminator-required\">*<\/span><\/span><label id=\"forminator-field-checkbox-1-1-69e036845d950-label\" for=\"forminator-field-checkbox-1-1-69e036845d950\" class=\"forminator-checkbox\" title=\"Wyra\u017casz zgod\u0119 na kontakt telefoniczny w celu obs\u0142ugi niniejszego zg\u0142oszenia. Wyra\u017casz zgod\u0119 na otrzymywanie informacji handlowych \u015brodkami komunikacji elektronicznej wysy\u0142anymi przez ZEM \u0141ab\u0119dy sp. z o. o. oraz na wykorzystanie komunikacji email w celach marketingowych (Polityka Prywatno\u015bci).\"><input type=\"checkbox\" name=\"checkbox-1[]\" value=\"two\" id=\"forminator-field-checkbox-1-1-69e036845d950\" aria-labelledby=\"forminator-field-checkbox-1-1-69e036845d950-label\" data-calculation=\"0\"   data-hidden-behavior=\"zero\"\/><span class=\"forminator-checkbox-box\" aria-hidden=\"true\"><\/span><span class=\"forminator-checkbox-label\">Wyra\u017casz zgod\u0119 na kontakt telefoniczny w celu obs\u0142ugi niniejszego zg\u0142oszenia. Wyra\u017casz zgod\u0119 na otrzymywanie informacji handlowych \u015brodkami komunikacji elektronicznej wysy\u0142anymi przez ZEM \u0141ab\u0119dy sp. z o. o. oraz na wykorzystanie komunikacji email w celach marketingowych (Polityka Prywatno\u015bci).<\/span><\/label><\/div><\/div><\/div><input type=\"hidden\" name=\"referer_url\" value=\"\" \/><div class=\"forminator-row forminator-row-last\"><div class=\"forminator-col\"><div class=\"forminator-field\"><button class=\"forminator-button forminator-button-submit\">Wy\u015blij wiadomo\u015b\u0107<\/button><\/div><\/div><\/div><input type=\"hidden\" id=\"forminator_nonce\" name=\"forminator_nonce\" value=\"f419eb8768\" \/><input type=\"hidden\" name=\"_wp_http_referer\" value=\"\/en\/wp-json\/wp\/v2\/pages\/1180\" \/><input type=\"hidden\" name=\"form_id\" value=\"862\"><input type=\"hidden\" name=\"page_id\" value=\"1180\"><input type=\"hidden\" name=\"form_type\" value=\"default\"><input type=\"hidden\" name=\"current_url\" value=\"https:\/\/zemlab.com.pl\/en\/zaklad-energetyki\/remit\/\"><input type=\"hidden\" name=\"render_id\" value=\"0\"><input type=\"hidden\" name=\"action\" value=\"forminator_submit_form_custom-forms\"><input type=\"hidden\" name=\"trp-form-language\" value=\"en\"\/><\/form><\/div>\n<\/div><\/div><\/div>\n<\/div><\/div>\n<\/div>\n<\/div>","protected":false},"excerpt":{"rendered":"<p>Obowi\u0105zek informacyjny Komunikaty REMIT Zgodnie z art. 4 ust. 1 rozporz\u0105dzenia Parlamentu Europejskiego i Rady (UE) nr 1227\/2011 z dnia 25 pa\u017adziernika 2011 r. w sprawie integralno\u015bci i przejrzysto\u015bci hurtowego rynku energii (tzw. rozporz\u0105dzenie REMIT), ZEM \u0141ab\u0119dy Sp. z o.o. publikuje informacje dotycz\u0105ce istotnych zdarze\u0144 mog\u0105cych mie\u0107 wp\u0142yw na rynek hurtowy energii. Podstawa prawna Art. [&hellip;]<\/p>\n","protected":false},"author":1,"featured_media":0,"parent":1151,"menu_order":0,"comment_status":"closed","ping_status":"closed","template":"","meta":{"_acf_changed":false,"footnotes":""},"class_list":["post-1180","page","type-page","status-publish","hentry"],"blocksy_meta":{"has_hero_section":"disabled","vertical_spacing_source":"custom","content_area_spacing":"none","styles_descriptor":{"styles":{"desktop":"","tablet":"","mobile":""},"google_fonts":[],"version":6}},"acf":[],"post_type":"page","author_name":"solating1858","_links":{"self":[{"href":"https:\/\/zemlab.com.pl\/en\/wp-json\/wp\/v2\/pages\/1180","targetHints":{"allow":["GET"]}}],"collection":[{"href":"https:\/\/zemlab.com.pl\/en\/wp-json\/wp\/v2\/pages"}],"about":[{"href":"https:\/\/zemlab.com.pl\/en\/wp-json\/wp\/v2\/types\/page"}],"author":[{"embeddable":true,"href":"https:\/\/zemlab.com.pl\/en\/wp-json\/wp\/v2\/users\/1"}],"replies":[{"embeddable":true,"href":"https:\/\/zemlab.com.pl\/en\/wp-json\/wp\/v2\/comments?post=1180"}],"version-history":[{"count":0,"href":"https:\/\/zemlab.com.pl\/en\/wp-json\/wp\/v2\/pages\/1180\/revisions"}],"up":[{"embeddable":true,"href":"https:\/\/zemlab.com.pl\/en\/wp-json\/wp\/v2\/pages\/1151"}],"wp:attachment":[{"href":"https:\/\/zemlab.com.pl\/en\/wp-json\/wp\/v2\/media?parent=1180"}],"curies":[{"name":"wp","href":"https:\/\/api.w.org\/{rel}","templated":true}]}}