{"id":1203,"date":"2025-05-19T10:23:24","date_gmt":"2025-05-19T08:23:24","guid":{"rendered":"https:\/\/serwer1913301.home.pl\/autoinstalator\/wordpress3\/?page_id=1203"},"modified":"2025-11-02T12:49:42","modified_gmt":"2025-11-02T11:49:42","slug":"przetargi","status":"publish","type":"page","link":"https:\/\/zemlab.com.pl\/en\/przetargi\/","title":{"rendered":"Przetargi"},"content":{"rendered":"<section class=\"static-hero-section\">\n            <div class=\"static-hero-background\" \n             style=\"background-image: url(https:\/\/zemlab.com.pl\/wp-content\/uploads\/2025\/04\/zem-labedy-remonty-taborow-kolejowych.jpg)\">\n            <div class=\"image-overlay\"><\/div>\n        <\/div>\n        \n    <div class=\"static-hero-content\">\n                    <h1 class=\"static-hero-heading\">\n                                    <span class=\"first-word\">Post\u0119powania<\/span>\n                                                    <span class=\"rest\">przetargowe<\/span>\n                            <\/h1>\n            <\/div>\n<\/section>\n\n\n\n<div class=\"wp-block-group alignfull is-layout-constrained wp-block-group-is-layout-constrained has-background\" style=\"margin-top:0px;margin-bottom:0px;padding-top:10vh;padding-bottom:10vh;background-image:url(&apos;https:\/\/zemlab.com.pl\/wp-content\/uploads\/2025\/04\/zem-background-cube-1-scaled.jpg&apos;);background-size:cover;background-attachment:scroll;\">\n<div id=\"przetargi\" class=\"wp-block-group is-content-justification-center is-nowrap is-layout-flex wp-container-core-group-is-layout-5ac1eb5c wp-block-group-is-layout-flex\" style=\"margin-top:0px;margin-bottom:0px;padding-top:0;padding-bottom:0\">\n<figure class=\"wp-block-image size-full is-resized\"><img decoding=\"async\" src=\"https:\/\/zemlab.com.pl\/wp-content\/uploads\/2025\/04\/sygnet-kolor.svg\" alt=\"\" class=\"wp-image-713\" style=\"width:25px\"\/><\/figure>\n\n\n\n<p class=\"has-palette-color-2-color has-text-color has-link-color has-large-font-size wp-elements-4ba5f4bc02742e9b321fab978df5b699\">Przetargi<\/p>\n<\/div>\n\n\n\n<div class=\"wp-block-stackable-heading stk-block-heading stk-block-heading--v2 stk-block stk-98c4866\" id=\"platforma-zakupowa\" data-block-id=\"98c4866\"><style>.stk-98c4866 {margin-bottom:10px !important;}.stk-98c4866 .stk-block-heading__text{color:var(--theme-palette-color-5, #1c4f3f) !important;line-height:1.3em !important;font-weight:800 !important;}@media screen and (max-width:999px){.stk-98c4866 .stk-block-heading__text{font-size:25px !important;}}<\/style><h2 class=\"stk-block-heading__text has-text-color has-text-align-center\">Platforma zakupowa<\/h2><\/div>\n\n\n\n<div class=\"wp-block-stackable-text stk-block-text stk-block stk-d3e9104\" data-block-id=\"d3e9104\"><style>.stk-d3e9104 .stk-block-text__text{color:var(--theme-palette-color-5, #1c4f3f) !important;}<\/style><p class=\"stk-block-text__text has-text-color has-text-align-center\">Zapraszamy do korzystania z naszej<strong> Platformy Zakupowej Logintrade<\/strong> \u2013 nowoczesnego narz\u0119dzia, kt\u00f3re umo\u017cliwia sk\u0142adanie ofert i sprzeda\u017c produkt\u00f3w w ramach naszych proces\u00f3w zakupowych.<br><br>Rejestracja na platformie to szybki dost\u0119p do zapyta\u0144 ofertowych oraz mo\u017cliwo\u015b\u0107 do\u0142\u0105czenia do grona naszych sprawdzonych dostawc\u00f3w.<br><br>Zach\u0119camy do rejestracji i aktywnego udzia\u0142u w post\u0119powaniach zakupowych.<\/p><\/div>\n\n\n\n<div class=\"wp-block-stackable-button-group stk-block-button-group stk-block stk-cb128ce\" id=\"span-style-color-var-theme-palette-color-2-napedzamy-polski-przemysl-span-od-1999-roku\" data-block-id=\"cb128ce\"><div class=\"stk-row stk-inner-blocks has-text-align-center stk-block-content stk-button-group\">\n<div class=\"wp-block-stackable-button stk-block-button stk-block stk-de76258\" data-block-id=\"de76258\"><style>.stk-de76258 {border-top-left-radius:9999px !important;border-top-right-radius:9999px !important;border-bottom-right-radius:9999px !important;border-bottom-left-radius:9999px !important;overflow:hidden !important;}.stk-de76258 .stk-button{padding-top:12px !important;padding-right:24px !important;padding-bottom:12px !important;padding-left:24px !important;background:var(--theme-palette-color-2, #ef7d05) !important;}.stk-de76258 .stk-button__inner-text{color:var(--theme-palette-color-8, #ffffff) !important;}<\/style><a class=\"stk-link stk-button stk--hover-effect-darken\" href=\"https:\/\/zemlab.logintrade.net\/portal,listaZapytaniaOfertowe.html\" target=\"_blank\" rel=\"noreferrer noopener\"><span class=\"has-text-color stk-button__inner-text\">Przejd\u017a do platformy zakupowej<\/span><\/a><\/div>\n<\/div><\/div>\n<\/div>\n\n\n\n<div class=\"wp-block-stackable-columns alignfull stk-block-columns stk-block stk-3255505 stk-block-background stk--has-background-overlay\" data-block-id=\"3255505\"><style>.stk-3255505 {background-color:var(--theme-palette-color-5, #1c4f3f) !important;background-image:url(https:\/\/zemlab.com.pl\/wp-content\/uploads\/2025\/04\/zem-liczby-background-scaled.jpg) !important;background-attachment:fixed !important;padding-top:0px !important;padding-right:0px !important;padding-bottom:0px !important;padding-left:0px !important;margin-bottom:0px !important;}.stk-3255505:before{background-color:var(--theme-palette-color-5, #1c4f3f) !important;opacity:0.8 !important;}<\/style><div class=\"stk-row stk-inner-blocks stk-block-content stk-content-align stk-3255505-column alignfull\">\n<div class=\"wp-block-stackable-column stk-block-column stk-column stk-block stk-774495e\" data-v=\"4\" data-block-id=\"774495e\"><div class=\"stk-column-wrapper stk-block-column__content stk-container stk-774495e-container stk--no-background stk--no-padding\"><div class=\"stk-block-content stk-inner-blocks stk-774495e-inner-blocks\">\n<div class=\"wp-block-stackable-columns alignfull stk-block-columns stk-block stk-4af5c07 stk-block-background stk--has-background-overlay\" data-block-id=\"4af5c07\"><style>.stk-4af5c07 {background-color:#00000000 !important;background-image:url(https:\/\/zemlab.com.pl\/wp-content\/uploads\/2025\/04\/zem-pattern-alt.svg) !important;background-position:center right !important;background-repeat:no-repeat !important;background-size:contain !important;margin-bottom:0px !important;}.stk-4af5c07:before{background-color:#00000000 !important;opacity:0.5 !important;}@media screen and (max-width:767px){.stk-4af5c07-column{--stk-column-gap:0px !important;}}<\/style><div class=\"stk-row stk-inner-blocks stk-block-content stk-content-align stk-4af5c07-column alignwide\">\n<div class=\"wp-block-stackable-column stk-block-column stk-column stk-block stk-a90dab4\" data-v=\"4\" data-block-id=\"a90dab4\"><style>.stk-a90dab4 {align-self:center !important;padding-top:0px !important;padding-right:0px !important;padding-bottom:0px !important;padding-left:0px !important;margin-top:0px !important;}.stk-a90dab4-inner-blocks{justify-content:center !important;}.stk-a90dab4-container{min-height:60vh !important;}@media screen and (max-width:767px){.stk-a90dab4-inner-blocks{row-gap:0px !important;}}<\/style><div class=\"stk-column-wrapper stk-block-column__content stk-container stk-a90dab4-container stk--no-background stk--no-padding\"><div class=\"stk--column-flex stk-block-content stk-inner-blocks stk-a90dab4-inner-blocks\">\n<div class=\"wp-block-stackable-heading stk-block-heading stk-block-heading--v2 stk-block stk-832c024\" id=\"span-style-color-var-theme-palette-color-2-co-nas-span-wyroznia\" data-block-id=\"832c024\"><style>.stk-832c024 {margin-bottom:100px !important;}.stk-832c024 .stk-block-heading__text{color:var(--theme-palette-color-8, #ffffff) !important;line-height:1.3em !important;font-weight:800 !important;}@media screen and (max-width:999px){.stk-832c024 .stk-block-heading__text{font-size:25px !important;}}@media screen and (max-width:767px){.stk-832c024 {margin-bottom:0px !important;}}<\/style><h2 class=\"stk-block-heading__text has-text-color has-text-align-center\"><span style=\"color:var(--theme-palette-color-2);\">Co nas<\/span> wyr\u00f3\u017cnia?<\/h2><\/div>\n\n\n\n<div class=\"wp-block-columns alignwide is-layout-flex wp-container-core-columns-is-layout-28f84493 wp-block-columns-is-layout-flex\">\n<div class=\"wp-block-column is-layout-flow wp-container-core-column-is-layout-8a368f38 wp-block-column-is-layout-flow\" style=\"flex-basis:20%\">\n<div class=\"wp-block-stackable-count-up stk-block-count-up stk-block stk-25ffea7\" data-block-id=\"25ffea7\"><style>.stk-25ffea7 .stk-block-count-up__text{color:var(--theme-palette-color-2, #ef7d05) !important;font-weight:bold !important;font-family:\"Geologica\", Sans-serif !important;}<\/style><div class=\"stk-block-count-up__text has-text-color has-text-align-center\">400+<\/div><\/div>\n\n\n\n<p class=\"has-text-align-center has-palette-color-8-color has-text-color has-link-color wp-elements-3e1a6c2e57aa50da1666f189c25fc0c4\">zrealizowanych<br>projekt\u00f3w<\/p>\n<\/div>\n\n\n\n<div class=\"wp-block-column is-layout-flow wp-block-column-is-layout-flow\" style=\"flex-basis:20%\">\n<div class=\"wp-block-stackable-count-up stk-block-count-up stk-block stk-c178090\" data-block-id=\"c178090\"><style>.stk-c178090 .stk-block-count-up__text{color:var(--theme-palette-color-2, #ef7d05) !important;font-weight:bold !important;font-family:\"Geologica\", Sans-serif !important;}<\/style><div class=\"stk-block-count-up__text has-text-color has-text-align-center\">250+<\/div><\/div>\n\n\n\n<p class=\"has-text-align-center has-palette-color-8-color has-text-color has-link-color wp-elements-5c54a5437050236cd7222a72f53616e0\">zadowolonych klient\u00f3w<\/p>\n<\/div>\n\n\n\n<div class=\"wp-block-column is-layout-flow wp-block-column-is-layout-flow\">\n<div class=\"wp-block-stackable-count-up stk-block-count-up stk-block stk-96cadd5\" data-block-id=\"96cadd5\"><style>.stk-96cadd5 .stk-block-count-up__text{color:var(--theme-palette-color-2, #ef7d05) !important;font-weight:bold !important;font-family:\"Geologica\", Sans-serif !important;}<\/style><div class=\"stk-block-count-up__text has-text-color has-text-align-center\">25+<\/div><\/div>\n\n\n\n<p class=\"has-text-align-center has-palette-color-8-color has-text-color has-link-color wp-elements-b0fb41a281b0123976a8dadb6cf5edc2\">lat do\u015bwiadczenia w bran\u017cy<\/p>\n<\/div>\n\n\n\n<div class=\"wp-block-column is-layout-flow wp-block-column-is-layout-flow\">\n<div class=\"wp-block-stackable-count-up stk-block-count-up stk-block stk-1127516\" data-block-id=\"1127516\"><style>.stk-1127516 .stk-block-count-up__text{color:var(--theme-palette-color-2, #ef7d05) !important;font-weight:bold !important;font-family:\"Geologica\", Sans-serif !important;}<\/style><div class=\"stk-block-count-up__text has-text-color has-text-align-center\">13+<\/div><\/div>\n\n\n\n<p class=\"has-text-align-center has-palette-color-8-color has-text-color has-link-color wp-elements-be2551e83c1d11f1ca982c1149ed1635\">Certyfikat\u00f3w krajowych i zagranicznych<\/p>\n<\/div>\n<\/div>\n<\/div><\/div><\/div>\n<\/div><\/div>\n<\/div><\/div><\/div>\n<\/div><\/div>\n\n\n\n<div class=\"wp-block-group alignfull is-layout-constrained wp-block-group-is-layout-constrained has-background\" style=\"margin-top:0px;margin-bottom:0px;padding-top:0;padding-bottom:0;background-image:url(&apos;https:\/\/zemlab.com.pl\/wp-content\/uploads\/2025\/04\/zem-background-flat-1-scaled.jpg&apos;);background-position:54% 0%;background-size:cover;background-attachment:scroll;\">\n<div class=\"wp-block-group is-layout-constrained wp-block-group-is-layout-constrained\" style=\"margin-top:var(--wp--preset--spacing--80);margin-bottom:var(--wp--preset--spacing--80)\">\n<div class=\"wp-block-stackable-columns alignwide stk-block-columns stk-block stk-4ca9503\" data-block-id=\"4ca9503\"><style>.stk-4ca9503 .stk--block-align-4ca9503{align-items:flex-start !important;}.stk-4ca9503-column{--stk-column-gap:30px !important;row-gap:30px !important;}<\/style><div class=\"stk-row stk-inner-blocks stk--block-align-4ca9503 stk-block-content stk-content-align stk-4ca9503-column alignwide\">\n<div class=\"wp-block-stackable-column stk-block-column stk-column stk-block stk-4ea51c1\" data-v=\"4\" data-block-id=\"4ea51c1\"><style>@media screen and (min-width:768px){.stk-4ea51c1 {flex:var(--stk-flex-grow, 1) 1 calc(40.5% - var(--stk-column-gap, 0px) * 1 \/ 2 ) !important;}}@media screen and (min-width:768px) and (max-width:999px){.stk-4ea51c1 {flex:var(--stk-flex-grow, 1) 1 calc(100% - var(--stk-column-gap, 0px) * 0 \/ 1 ) !important;}}@media screen and (max-width:767px){.stk-4ea51c1-inner-blocks{justify-content:center !important;}.stk-4ea51c1 {flex:var(--stk-flex-grow, 1) 1 calc(100% - var(--stk-column-gap, 0px) * 0 \/ 1 ) !important;}}<\/style><div class=\"stk-column-wrapper stk-block-column__content stk-container stk-4ea51c1-container stk--no-background stk--no-padding\"><div class=\"stk-block-content stk-inner-blocks stk-4ea51c1-inner-blocks\">\n<div class=\"wp-block-group is-vertical is-layout-flex wp-container-core-group-is-layout-fe9cc265 wp-block-group-is-layout-flex\">\n<div id=\"zrealizowane-projekty-ktore-mowia-same-za-siebie\" class=\"wp-block-group is-content-justification-left is-nowrap is-layout-flex wp-container-core-group-is-layout-b517d2f9 wp-block-group-is-layout-flex\" style=\"margin-top:0px;margin-bottom:0px;padding-top:0;padding-bottom:0\">\n<figure class=\"wp-block-image size-full is-resized\"><img decoding=\"async\" src=\"https:\/\/zemlab.com.pl\/wp-content\/uploads\/2025\/04\/sygnet-kolor.svg\" alt=\"\" class=\"wp-image-713\" style=\"width:25px\"\/><\/figure>\n\n\n\n<p class=\"has-palette-color-2-color has-text-color has-link-color has-medium-font-size wp-elements-a98d90eda25a5c6721538b739cbfbe8b\">Kontakt<\/p>\n<\/div>\n\n\n\n<div class=\"wp-block-stackable-heading stk-block-heading stk-block-heading--v2 stk-block stk-2bf6cec\" id=\"najlatwiejszy-sposob-aby-wiedziec-wszystko-span-style-color-var-theme-palette-color-2-skontaktuj-sie-z-nami-span\" data-block-id=\"2bf6cec\"><style>.stk-2bf6cec {margin-bottom:10px !important;}.stk-2bf6cec .stk-block-heading__text{color:var(--theme-palette-color-5, #1c4f3f) !important;line-height:1.3em !important;font-weight:800 !important;}@media screen and (max-width:999px){.stk-2bf6cec .stk-block-heading__text{font-size:25px !important;}}<\/style><h2 class=\"stk-block-heading__text has-text-color has-text-align-left\">Naj\u0142atwiejszy spos\u00f3b aby wiedzie\u0107 wszystko? <span style=\"color:var(--theme-palette-color-2);\">Skontaktuj si\u0119 z nami!<\/span><\/h2><\/div>\n<\/div>\n<\/div><\/div><\/div>\n\n\n\n<div class=\"wp-block-stackable-column stk-block-column stk-column stk-block stk-34b22b4\" data-v=\"4\" data-block-id=\"34b22b4\"><style>@media screen and (min-width:768px){.stk-34b22b4 {flex:var(--stk-flex-grow, 1) 1 calc(59.5% - var(--stk-column-gap, 0px) * 1 \/ 2 ) !important;}}@media screen and (min-width:768px) and (max-width:999px){.stk-34b22b4 {flex:var(--stk-flex-grow, 1) 1 calc(100% - var(--stk-column-gap, 0px) * 0 \/ 1 ) !important;}}@media screen and (max-width:767px){.stk-34b22b4 {flex:var(--stk-flex-grow, 1) 1 calc(100% - var(--stk-column-gap, 0px) * 0 \/ 1 ) !important;}}<\/style><div class=\"stk-column-wrapper stk-block-column__content stk-container stk-34b22b4-container stk--no-background stk--no-padding\"><div class=\"stk-block-content stk-inner-blocks stk-34b22b4-inner-blocks\">\n<div class=\"forminator-guttenberg\"><div class=\"forminator-ui forminator-custom-form forminator-custom-form-862 forminator-design--basic  forminator_ajax\" data-forminator-render=\"0\" data-form=\"forminator-module-862\" data-uid=\"69e0704208cd7\"><br\/><\/div><form\n\t\t\t\tid=\"forminator-module-862\"\n\t\t\t\tclass=\"forminator-ui forminator-custom-form forminator-custom-form-862 forminator-design--basic  forminator_ajax\"\n\t\t\t\tmethod=\"post\"\n\t\t\t\tdata-forminator-render=\"0\"\n\t\t\t\tdata-form-id=\"862\"\n\t\t\t\t data-color-option=\"theme\" data-design=\"basic\" data-grid=\"open\" style=\"display: none;\"\n\t\t\t\tdata-uid=\"69e0704208cd7\" action=\"\"\n\t\t\t><div role=\"alert\" aria-live=\"polite\" class=\"forminator-response-message forminator-error\" aria-hidden=\"true\"><\/div><div class=\"forminator-row\"><div id=\"name-1\" class=\"forminator-field-name forminator-col forminator-col-12\"><div class=\"forminator-field\"><label for=\"forminator-field-name-1_69e0704208cd7\" id=\"forminator-field-name-1_69e0704208cd7-label\" class=\"forminator-label\">Imi\u0119 i nazwisko <span class=\"forminator-required\">*<\/span><\/label><input type=\"text\" name=\"name-1\" value=\"\" placeholder=\"Imi\u0119 i nazwisko\" id=\"forminator-field-name-1_69e0704208cd7\" class=\"forminator-input forminator-name--field\" aria-required=\"true\" autocomplete=\"name\" \/><\/div><\/div><\/div><div class=\"forminator-row\"><div id=\"name-2\" class=\"forminator-field-name forminator-col forminator-col-12\"><div class=\"forminator-field\"><label for=\"forminator-field-name-2_69e0704208cd7\" id=\"forminator-field-name-2_69e0704208cd7-label\" class=\"forminator-label\">Firma <span class=\"forminator-required\">*<\/span><\/label><input type=\"text\" name=\"name-2\" value=\"\" placeholder=\"Firma\" id=\"forminator-field-name-2_69e0704208cd7\" class=\"forminator-input forminator-name--field\" aria-required=\"true\" autocomplete=\"name\" \/><\/div><\/div><\/div><div class=\"forminator-row\"><div id=\"email-1\" class=\"forminator-field-email forminator-col forminator-col-12\"><div class=\"forminator-field\"><label for=\"forminator-field-email-1_69e0704208cd7\" id=\"forminator-field-email-1_69e0704208cd7-label\" class=\"forminator-label\">Adres e-mail <span class=\"forminator-required\">*<\/span><\/label><input type=\"email\" name=\"email-1\" value=\"\" placeholder=\"Adres e-mail\" id=\"forminator-field-email-1_69e0704208cd7\" class=\"forminator-input forminator-email--field\" data-required=\"true\" aria-required=\"true\" autocomplete=\"email\" \/><\/div><\/div><\/div><div class=\"forminator-row\"><div id=\"phone-1\" class=\"forminator-field-phone forminator-col forminator-col-12\"><div class=\"forminator-field\"><label for=\"forminator-field-phone-1_69e0704208cd7\" id=\"forminator-field-phone-1_69e0704208cd7-label\" class=\"forminator-label\">Numer telefonu<\/label><input type=\"text\" name=\"phone-1\" value=\"\" placeholder=\"Numer telefonu\" id=\"forminator-field-phone-1_69e0704208cd7\" class=\"forminator-input forminator-field--phone\" data-required=\"\" aria-required=\"false\" autocomplete=\"off\" \/><\/div><\/div><\/div><div class=\"forminator-row\"><div id=\"textarea-1\" class=\"forminator-field-textarea forminator-col forminator-col-12  text-area-field\"><div class=\"forminator-field\"><label for=\"forminator-field-textarea-1_69e0704208cd7\" id=\"forminator-field-textarea-1_69e0704208cd7-label\" class=\"forminator-label\">Wiadomo\u015b\u0107<\/label><textarea name=\"textarea-1\" placeholder=\"Wpisz swoj\u0105 wiadomo\u015b\u0107...\" id=\"forminator-field-textarea-1_69e0704208cd7\" class=\"forminator-textarea\" rows=\"6\" style=\"min-height:140px;\" ><\/textarea><\/div><\/div><\/div><div class=\"forminator-row\"><div id=\"checkbox-1\" class=\"forminator-field-checkbox forminator-col forminator-col-12\"><div role=\"group\" class=\"forminator-field required\" aria-labelledby=\"forminator-checkbox-group-forminator-field-checkbox-1-69e0704208cd7-label\"><span id=\"forminator-checkbox-group-forminator-field-checkbox-1-69e0704208cd7-label\" class=\"forminator-label\">Pole zaznaczenia <span class=\"forminator-required\">*<\/span><\/span><label id=\"forminator-field-checkbox-1-1-69e0704208cd7-label\" for=\"forminator-field-checkbox-1-1-69e0704208cd7\" class=\"forminator-checkbox\" title=\"Wyra\u017casz zgod\u0119 na kontakt telefoniczny w celu obs\u0142ugi niniejszego zg\u0142oszenia. Wyra\u017casz zgod\u0119 na otrzymywanie informacji handlowych \u015brodkami komunikacji elektronicznej wysy\u0142anymi przez ZEM \u0141ab\u0119dy sp. z o. o. oraz na wykorzystanie komunikacji email w celach marketingowych (Polityka Prywatno\u015bci).\"><input type=\"checkbox\" name=\"checkbox-1[]\" value=\"two\" id=\"forminator-field-checkbox-1-1-69e0704208cd7\" aria-labelledby=\"forminator-field-checkbox-1-1-69e0704208cd7-label\" data-calculation=\"0\"   data-hidden-behavior=\"zero\"\/><span class=\"forminator-checkbox-box\" aria-hidden=\"true\"><\/span><span class=\"forminator-checkbox-label\">Wyra\u017casz zgod\u0119 na kontakt telefoniczny w celu obs\u0142ugi niniejszego zg\u0142oszenia. Wyra\u017casz zgod\u0119 na otrzymywanie informacji handlowych \u015brodkami komunikacji elektronicznej wysy\u0142anymi przez ZEM \u0141ab\u0119dy sp. z o. o. oraz na wykorzystanie komunikacji email w celach marketingowych (Polityka Prywatno\u015bci).<\/span><\/label><\/div><\/div><\/div><input type=\"hidden\" name=\"referer_url\" value=\"\" \/><div class=\"forminator-row forminator-row-last\"><div class=\"forminator-col\"><div class=\"forminator-field\"><button class=\"forminator-button forminator-button-submit\">Wy\u015blij wiadomo\u015b\u0107<\/button><\/div><\/div><\/div><input type=\"hidden\" id=\"forminator_nonce\" name=\"forminator_nonce\" value=\"f419eb8768\" \/><input type=\"hidden\" name=\"_wp_http_referer\" value=\"\/en\/wp-json\/wp\/v2\/pages\/1203\" \/><input type=\"hidden\" name=\"form_id\" value=\"862\"><input type=\"hidden\" name=\"page_id\" value=\"1203\"><input type=\"hidden\" name=\"form_type\" value=\"default\"><input type=\"hidden\" name=\"current_url\" value=\"https:\/\/zemlab.com.pl\/en\/przetargi\/\"><input type=\"hidden\" name=\"render_id\" value=\"0\"><input type=\"hidden\" name=\"action\" value=\"forminator_submit_form_custom-forms\"><input type=\"hidden\" name=\"trp-form-language\" value=\"en\"\/><\/form><\/div>\n<\/div><\/div><\/div>\n<\/div><\/div>\n<\/div>\n<\/div>","protected":false},"excerpt":{"rendered":"<p>Przetargi Platforma zakupowa Zapraszamy do korzystania z naszej Platformy Zakupowej Logintrade \u2013 nowoczesnego narz\u0119dzia, kt\u00f3re umo\u017cliwia sk\u0142adanie ofert i sprzeda\u017c produkt\u00f3w w ramach naszych proces\u00f3w zakupowych. Rejestracja na platformie to szybki dost\u0119p do zapyta\u0144 ofertowych oraz mo\u017cliwo\u015b\u0107 do\u0142\u0105czenia do grona naszych sprawdzonych dostawc\u00f3w. Zach\u0119camy do rejestracji i aktywnego udzia\u0142u w post\u0119powaniach zakupowych. Przejd\u017a do platformy [&hellip;]<\/p>\n","protected":false},"author":1,"featured_media":0,"parent":0,"menu_order":0,"comment_status":"closed","ping_status":"closed","template":"","meta":{"_acf_changed":false,"footnotes":""},"class_list":["post-1203","page","type-page","status-publish","hentry"],"blocksy_meta":{"has_hero_section":"disabled","vertical_spacing_source":"custom","content_area_spacing":"none","styles_descriptor":{"styles":{"desktop":"","tablet":"","mobile":""},"google_fonts":[],"version":6}},"acf":[],"post_type":"page","author_name":"solating1858","_links":{"self":[{"href":"https:\/\/zemlab.com.pl\/en\/wp-json\/wp\/v2\/pages\/1203","targetHints":{"allow":["GET"]}}],"collection":[{"href":"https:\/\/zemlab.com.pl\/en\/wp-json\/wp\/v2\/pages"}],"about":[{"href":"https:\/\/zemlab.com.pl\/en\/wp-json\/wp\/v2\/types\/page"}],"author":[{"embeddable":true,"href":"https:\/\/zemlab.com.pl\/en\/wp-json\/wp\/v2\/users\/1"}],"replies":[{"embeddable":true,"href":"https:\/\/zemlab.com.pl\/en\/wp-json\/wp\/v2\/comments?post=1203"}],"version-history":[{"count":0,"href":"https:\/\/zemlab.com.pl\/en\/wp-json\/wp\/v2\/pages\/1203\/revisions"}],"wp:attachment":[{"href":"https:\/\/zemlab.com.pl\/en\/wp-json\/wp\/v2\/media?parent=1203"}],"curies":[{"name":"wp","href":"https:\/\/api.w.org\/{rel}","templated":true}]}}